{"id":11,"date":"2025-06-06T10:21:16","date_gmt":"2025-06-06T08:21:16","guid":{"rendered":"https:\/\/www.a-cappella-party.de\/wordpress\/?page_id=11"},"modified":"2025-09-19T18:08:23","modified_gmt":"2025-09-19T16:08:23","slug":"welcome","status":"publish","type":"page","link":"https:\/\/www.a-cappella-party.de\/wordpress\/","title":{"rendered":"Die Gala-Show der Kieler A-cappella-Szene"},"content":{"rendered":"<div class=\"wp-block-image\">\n<figure class=\"aligncenter size-large\"><img loading=\"lazy\" decoding=\"async\" width=\"725\" height=\"1024\" src=\"https:\/\/www.a-cappella-party.de\/wordpress\/wp-content\/uploads\/2025\/09\/ACP_2025_Plakat_Web-725x1024.jpg\" alt=\"\" class=\"wp-image-180\" srcset=\"https:\/\/www.a-cappella-party.de\/wordpress\/wp-content\/uploads\/2025\/09\/ACP_2025_Plakat_Web-725x1024.jpg 725w, https:\/\/www.a-cappella-party.de\/wordpress\/wp-content\/uploads\/2025\/09\/ACP_2025_Plakat_Web-213x300.jpg 213w, https:\/\/www.a-cappella-party.de\/wordpress\/wp-content\/uploads\/2025\/09\/ACP_2025_Plakat_Web-768x1084.jpg 768w, https:\/\/www.a-cappella-party.de\/wordpress\/wp-content\/uploads\/2025\/09\/ACP_2025_Plakat_Web.jpg 780w\" sizes=\"auto, (max-width: 725px) 100vw, 725px\" \/><\/figure>\n<\/div>\n\n\n<p>An einem Wochenende Anfang Dezember oder Ende November findet seit vielen Jahren im Audimax der Christian-Abrechts-Universit\u00e4t Kiel die A-Cappella-Party statt, ein gemischtes Programm verschiedener A-cappella-Gruppen, -Ch\u00f6ren und -Ensembles aus dem Kieler Raum.<br>Neue Gruppen, die sich f\u00fcr eine Teilnahme interessieren, k\u00f6nnen sich gerne an\u00a0<a href=\"https:\/\/web.archive.org\/web\/20250218092631\/mailto:orga@a-cappella-party.de\">Till Kindschus<\/a>\u00a0wenden.<br>Denkt daran, dass auf der ACP nur Gruppen aus Kiel dabei sind.<\/p>\n\n\n\n<p>Wir freuen uns, dass wir das Programm mit dem super Team von der <strong><a href=\"https:\/\/www.fs-wipo.uni-kiel.de\/de\">Fachschaft WiPo<\/a> <\/strong>der CAU durchf\u00fchren k\u00f6nnen. Vielen Dank euch!!<\/p>\n","protected":false},"excerpt":{"rendered":"<p>An einem Wochenende Anfang Dezember oder Ende November findet seit vielen Jahren im Audimax der Christian-Abrechts-Universit\u00e4t Kiel die A-Cappella-Party statt, ein gemischtes Programm verschiedener A-cappella-Gruppen, -Ch\u00f6ren und -Ensembles aus dem Kieler Raum.Neue Gruppen, die sich f\u00fcr eine Teilnahme interessieren, k\u00f6nnen sich gerne an\u00a0Till Kindschus\u00a0wenden.Denkt daran, dass auf der ACP nur Gruppen aus Kiel dabei sind. [&hellip;]<\/p>\n","protected":false},"author":1,"featured_media":0,"parent":0,"menu_order":0,"comment_status":"closed","ping_status":"closed","template":"","meta":{"footnotes":""},"class_list":["post-11","page","type-page","status-publish","hentry"],"_links":{"self":[{"href":"https:\/\/www.a-cappella-party.de\/wordpress\/wp-json\/wp\/v2\/pages\/11","targetHints":{"allow":["GET"]}}],"collection":[{"href":"https:\/\/www.a-cappella-party.de\/wordpress\/wp-json\/wp\/v2\/pages"}],"about":[{"href":"https:\/\/www.a-cappella-party.de\/wordpress\/wp-json\/wp\/v2\/types\/page"}],"author":[{"embeddable":true,"href":"https:\/\/www.a-cappella-party.de\/wordpress\/wp-json\/wp\/v2\/users\/1"}],"replies":[{"embeddable":true,"href":"https:\/\/www.a-cappella-party.de\/wordpress\/wp-json\/wp\/v2\/comments?post=11"}],"version-history":[{"count":14,"href":"https:\/\/www.a-cappella-party.de\/wordpress\/wp-json\/wp\/v2\/pages\/11\/revisions"}],"predecessor-version":[{"id":271,"href":"https:\/\/www.a-cappella-party.de\/wordpress\/wp-json\/wp\/v2\/pages\/11\/revisions\/271"}],"wp:attachment":[{"href":"https:\/\/www.a-cappella-party.de\/wordpress\/wp-json\/wp\/v2\/media?parent=11"}],"curies":[{"name":"wp","href":"https:\/\/api.w.org\/{rel}","templated":true}]}}